{"id":3269,"date":"2023-12-11T13:11:40","date_gmt":"2023-12-11T10:11:40","guid":{"rendered":"http:\/\/cdksavunma.com\/store\/?post_type=product&#038;p=3269"},"modified":"2023-12-11T14:16:44","modified_gmt":"2023-12-11T11:16:44","slug":"gf100-24cat6a-cat6a-10g-base-t-ethernet-4-pair","status":"publish","type":"product","link":"http:\/\/cdksavunma.com\/store\/index.php\/urun\/gf100-24cat6a-cat6a-10g-base-t-ethernet-4-pair\/","title":{"rendered":"GF100-24CAT6A CAT6A &#8211; 10G Base-T Ethernet 4 Pair"},"content":{"rendered":"<div class=\"cable-data-row px-2 py-2 is-flex is-justify-content-flex-start\"><strong>AWG:<\/strong><span class=\"pl-2\">24<\/span><\/div>\n<div class=\"cable-data-row px-2 py-2 is-flex\"><strong>D\u0131\u015f \u00e7ap (mm):<\/strong><span class=\"pl-2\">0.28 (7.11)<\/span><\/div>\n<div class=\"cable-data-row px-2 py-2 is-flex\"><strong>A\u011f\u0131rl\u0131k lbs\/1000ft (kg\/1000m):<\/strong><span class=\"pl-2\">47 (69.9)<\/span><\/div>\n","protected":false},"excerpt":{"rendered":"<p>AWG:24 D\u0131\u015f \u00e7ap (mm):0.28 (7.11) A\u011f\u0131rl\u0131k lbs\/1000ft (kg\/1000m):47 (69.9)<\/p>\n","protected":false},"featured_media":3317,"comment_status":"open","ping_status":"closed","template":"","meta":{"site-sidebar-layout":"default","site-content-layout":"","ast-site-content-layout":"default","site-content-style":"default","site-sidebar-style":"default","ast-global-header-display":"","ast-banner-title-visibility":"","ast-main-header-display":"","ast-hfb-above-header-display":"","ast-hfb-below-header-display":"","ast-hfb-mobile-header-display":"","site-post-title":"","ast-breadcrumbs-content":"","ast-featured-img":"","footer-sml-layout":"","theme-transparent-header-meta":"default","adv-header-id-meta":"","stick-header-meta":"","header-above-stick-meta":"","header-main-stick-meta":"","header-below-stick-meta":"","astra-migrate-meta-layouts":"set","ast-page-background-enabled":"default","ast-page-background-meta":{"desktop":{"background-color":"","background-image":"","background-repeat":"repeat","background-position":"center center","background-size":"auto","background-attachment":"scroll","background-type":"","background-media":"","overlay-type":"","overlay-color":"","overlay-gradient":""},"tablet":{"background-color":"","background-image":"","background-repeat":"repeat","background-position":"center center","background-size":"auto","background-attachment":"scroll","background-type":"","background-media":"","overlay-type":"","overlay-color":"","overlay-gradient":""},"mobile":{"background-color":"","background-image":"","background-repeat":"repeat","background-position":"center center","background-size":"auto","background-attachment":"scroll","background-type":"","background-media":"","overlay-type":"","overlay-color":"","overlay-gradient":""}},"ast-content-background-meta":{"desktop":{"background-color":"var(--ast-global-color-5)","background-image":"","background-repeat":"repeat","background-position":"center center","background-size":"auto","background-attachment":"scroll","background-type":"","background-media":"","overlay-type":"","overlay-color":"","overlay-gradient":""},"tablet":{"background-color":"var(--ast-global-color-5)","background-image":"","background-repeat":"repeat","background-position":"center center","background-size":"auto","background-attachment":"scroll","background-type":"","background-media":"","overlay-type":"","overlay-color":"","overlay-gradient":""},"mobile":{"background-color":"var(--ast-global-color-5)","background-image":"","background-repeat":"repeat","background-position":"center center","background-size":"auto","background-attachment":"scroll","background-type":"","background-media":"","overlay-type":"","overlay-color":"","overlay-gradient":""}}},"product_cat":[65,67],"product_tag":[],"class_list":{"0":"post-3269","1":"product","2":"type-product","3":"status-publish","4":"has-post-thumbnail","6":"product_cat-giga","7":"product_cat-veri_kablo","8":"desktop-align-center","9":"tablet-align-center","10":"mobile-align-center","12":"first","13":"instock","14":"shipping-taxable","15":"product-type-simple"},"_links":{"self":[{"href":"http:\/\/cdksavunma.com\/store\/index.php\/wp-json\/wp\/v2\/product\/3269","targetHints":{"allow":["GET"]}}],"collection":[{"href":"http:\/\/cdksavunma.com\/store\/index.php\/wp-json\/wp\/v2\/product"}],"about":[{"href":"http:\/\/cdksavunma.com\/store\/index.php\/wp-json\/wp\/v2\/types\/product"}],"replies":[{"embeddable":true,"href":"http:\/\/cdksavunma.com\/store\/index.php\/wp-json\/wp\/v2\/comments?post=3269"}],"wp:featuredmedia":[{"embeddable":true,"href":"http:\/\/cdksavunma.com\/store\/index.php\/wp-json\/wp\/v2\/media\/3317"}],"wp:attachment":[{"href":"http:\/\/cdksavunma.com\/store\/index.php\/wp-json\/wp\/v2\/media?parent=3269"}],"wp:term":[{"taxonomy":"product_cat","embeddable":true,"href":"http:\/\/cdksavunma.com\/store\/index.php\/wp-json\/wp\/v2\/product_cat?post=3269"},{"taxonomy":"product_tag","embeddable":true,"href":"http:\/\/cdksavunma.com\/store\/index.php\/wp-json\/wp\/v2\/product_tag?post=3269"}],"curies":[{"name":"wp","href":"https:\/\/api.w.org\/{rel}","templated":true}]}}