{"id":3293,"date":"2023-12-11T13:49:09","date_gmt":"2023-12-11T10:49:09","guid":{"rendered":"http:\/\/cdksavunma.com\/store\/?post_type=product&#038;p=3293"},"modified":"2023-12-21T15:49:12","modified_gmt":"2023-12-21T12:49:12","slug":"gf52422d-poe-cat5e-power-over-ethernet-poe-cables","status":"publish","type":"product","link":"http:\/\/cdksavunma.com\/store\/index.php\/urun\/gf52422d-poe-cat5e-power-over-ethernet-poe-cables\/","title":{"rendered":"GF52422D-POE CAT5E &#8211; Power over Ethernet POE Kablolar\u0131"},"content":{"rendered":"<div class=\"cable-data-row px-2 py-2 is-flex is-justify-content-flex-start\"><strong>AWG:<\/strong><span class=\"pl-2\">24<\/span><\/div>\n<div class=\"cable-data-row px-2 py-2 is-flex\"><strong>D\u0131\u015f \u00c7ap (mm):<\/strong><span class=\"pl-2\">0.21 (5.33)<\/span><\/div>\n<div class=\"cable-data-row px-2 py-2 is-flex\"><strong>A\u011f\u0131rl\u0131k lbs\/1000ft (kg\/1000m):<\/strong><span class=\"pl-2\">38 (56.55)<\/span><\/div>\n","protected":false},"excerpt":{"rendered":"<p>AWG:24 D\u0131\u015f \u00c7ap (mm):0.21 (5.33) A\u011f\u0131rl\u0131k lbs\/1000ft (kg\/1000m):38 (56.55)<\/p>\n","protected":false},"featured_media":3294,"comment_status":"open","ping_status":"closed","template":"","meta":{"site-sidebar-layout":"default","site-content-layout":"","ast-site-content-layout":"default","site-content-style":"default","site-sidebar-style":"default","ast-global-header-display":"","ast-banner-title-visibility":"","ast-main-header-display":"","ast-hfb-above-header-display":"","ast-hfb-below-header-display":"","ast-hfb-mobile-header-display":"","site-post-title":"","ast-breadcrumbs-content":"","ast-featured-img":"","footer-sml-layout":"","theme-transparent-header-meta":"default","adv-header-id-meta":"","stick-header-meta":"","header-above-stick-meta":"","header-main-stick-meta":"","header-below-stick-meta":"","astra-migrate-meta-layouts":"set","ast-page-background-enabled":"default","ast-page-background-meta":{"desktop":{"background-color":"","background-image":"","background-repeat":"repeat","background-position":"center center","background-size":"auto","background-attachment":"scroll","background-type":"","background-media":"","overlay-type":"","overlay-color":"","overlay-gradient":""},"tablet":{"background-color":"","background-image":"","background-repeat":"repeat","background-position":"center center","background-size":"auto","background-attachment":"scroll","background-type":"","background-media":"","overlay-type":"","overlay-color":"","overlay-gradient":""},"mobile":{"background-color":"","background-image":"","background-repeat":"repeat","background-position":"center center","background-size":"auto","background-attachment":"scroll","background-type":"","background-media":"","overlay-type":"","overlay-color":"","overlay-gradient":""}},"ast-content-background-meta":{"desktop":{"background-color":"var(--ast-global-color-5)","background-image":"","background-repeat":"repeat","background-position":"center center","background-size":"auto","background-attachment":"scroll","background-type":"","background-media":"","overlay-type":"","overlay-color":"","overlay-gradient":""},"tablet":{"background-color":"var(--ast-global-color-5)","background-image":"","background-repeat":"repeat","background-position":"center center","background-size":"auto","background-attachment":"scroll","background-type":"","background-media":"","overlay-type":"","overlay-color":"","overlay-gradient":""},"mobile":{"background-color":"var(--ast-global-color-5)","background-image":"","background-repeat":"repeat","background-position":"center center","background-size":"auto","background-attachment":"scroll","background-type":"","background-media":"","overlay-type":"","overlay-color":"","overlay-gradient":""}}},"product_cat":[65,67],"product_tag":[],"class_list":{"0":"post-3293","1":"product","2":"type-product","3":"status-publish","4":"has-post-thumbnail","6":"product_cat-giga","7":"product_cat-veri_kablo","8":"desktop-align-center","9":"tablet-align-center","10":"mobile-align-center","12":"first","13":"instock","14":"shipping-taxable","15":"product-type-simple"},"_links":{"self":[{"href":"http:\/\/cdksavunma.com\/store\/index.php\/wp-json\/wp\/v2\/product\/3293","targetHints":{"allow":["GET"]}}],"collection":[{"href":"http:\/\/cdksavunma.com\/store\/index.php\/wp-json\/wp\/v2\/product"}],"about":[{"href":"http:\/\/cdksavunma.com\/store\/index.php\/wp-json\/wp\/v2\/types\/product"}],"replies":[{"embeddable":true,"href":"http:\/\/cdksavunma.com\/store\/index.php\/wp-json\/wp\/v2\/comments?post=3293"}],"wp:featuredmedia":[{"embeddable":true,"href":"http:\/\/cdksavunma.com\/store\/index.php\/wp-json\/wp\/v2\/media\/3294"}],"wp:attachment":[{"href":"http:\/\/cdksavunma.com\/store\/index.php\/wp-json\/wp\/v2\/media?parent=3293"}],"wp:term":[{"taxonomy":"product_cat","embeddable":true,"href":"http:\/\/cdksavunma.com\/store\/index.php\/wp-json\/wp\/v2\/product_cat?post=3293"},{"taxonomy":"product_tag","embeddable":true,"href":"http:\/\/cdksavunma.com\/store\/index.php\/wp-json\/wp\/v2\/product_tag?post=3293"}],"curies":[{"name":"wp","href":"https:\/\/api.w.org\/{rel}","templated":true}]}}