{"id":4393,"date":"2023-12-21T13:08:56","date_gmt":"2023-12-21T10:08:56","guid":{"rendered":"http:\/\/cdksavunma.com\/store\/?post_type=product&#038;p=4393"},"modified":"2023-12-21T14:04:47","modified_gmt":"2023-12-21T11:04:47","slug":"4393","status":"publish","type":"product","link":"http:\/\/cdksavunma.com\/store\/index.php\/urun\/4393\/","title":{"rendered":"Astronomik Zaman R\u00f6leleri"},"content":{"rendered":"<div class=\"col-6 col-sm-4 col-md-3 col-lg-3\">\n<div class=\"box d-flex align-items-center\">\n<table style=\"border-collapse: collapse; width: 336pt;\" border=\"0\" width=\"448\" cellspacing=\"0\" cellpadding=\"0\">\n<tbody>\n<tr style=\"height: 30.0pt;\">\n<td class=\"xl66\" style=\"height: 30pt; width: 48pt; text-align: center;\" width=\"64\" height=\"40\">\u00dcr\u00fcn Kodu<\/td>\n<td class=\"xl65\" style=\"width: 48pt; text-align: center;\" width=\"64\">DTR-10<\/td>\n<td class=\"xl65\" style=\"width: 48pt; text-align: center;\" width=\"64\">DTR-10t<\/td>\n<td class=\"xl65\" style=\"width: 48pt; text-align: center;\" width=\"64\">DTR-20<\/td>\n<td class=\"xl65\" style=\"width: 48pt; text-align: center;\" width=\"64\">DTR-25<\/td>\n<td class=\"xl65\" style=\"width: 48pt; text-align: center;\" width=\"64\">DTR-20S<\/td>\n<td class=\"xl65\" style=\"width: 48pt; text-align: center;\" width=\"64\">DTR-20TS<\/td>\n<\/tr>\n<tr style=\"height: 30.0pt;\">\n<td class=\"xl66\" style=\"height: 30.0pt; width: 48pt;\" width=\"64\" height=\"40\">De\u011fi\u015ftirilebilir Pil<\/td>\n<td class=\"xl65\" style=\"width: 48pt;\" width=\"64\">\u2714<\/td>\n<td class=\"xl65\" style=\"width: 48pt;\" width=\"64\">\u2714<\/td>\n<td class=\"xl65\" style=\"width: 48pt;\" width=\"64\">\u274c<\/td>\n<td class=\"xl65\" style=\"width: 48pt;\" width=\"64\">\u274c<\/td>\n<td class=\"xl65\" style=\"width: 48pt;\" width=\"64\">\u2714<\/td>\n<td class=\"xl65\" style=\"width: 48pt;\" width=\"64\">\u2714<\/td>\n<\/tr>\n<tr style=\"height: 30.0pt;\">\n<td class=\"xl66\" style=\"height: 30.0pt; width: 48pt;\" width=\"64\" height=\"40\">Data Aktar\u0131m\u0131<\/td>\n<td class=\"xl65\" style=\"width: 48pt;\" width=\"64\">\u274c<\/td>\n<td class=\"xl65\" style=\"width: 48pt;\" width=\"64\">\u274c<\/td>\n<td class=\"xl65\" style=\"width: 48pt;\" width=\"64\">PROG<\/td>\n<td class=\"xl65\" style=\"width: 48pt;\" width=\"64\">\u274c<\/td>\n<td class=\"xl65\" style=\"width: 48pt;\" width=\"64\">RS-485<\/td>\n<td class=\"xl65\" style=\"width: 48pt;\" width=\"64\">RS-485<\/td>\n<\/tr>\n<tr style=\"height: 45.0pt;\">\n<td class=\"xl66\" style=\"height: 45.0pt; width: 48pt;\" width=\"64\" height=\"60\">24 Saat Zaman Ayar\u0131<\/td>\n<td class=\"xl65\" style=\"width: 48pt;\" width=\"64\">\u2714<\/td>\n<td class=\"xl65\" style=\"width: 48pt;\" width=\"64\">\u2714<\/td>\n<td class=\"xl65\" style=\"width: 48pt;\" width=\"64\">\u2714<\/td>\n<td class=\"xl65\" style=\"width: 48pt;\" width=\"64\">\u2714<\/td>\n<td class=\"xl65\" style=\"width: 48pt;\" width=\"64\">\u2714<\/td>\n<td class=\"xl65\" style=\"width: 48pt;\" width=\"64\">\u2714<\/td>\n<\/tr>\n<tr style=\"height: 105.0pt;\">\n<td class=\"xl66\" style=\"height: 105.0pt; width: 48pt;\" width=\"64\" height=\"140\">Co\u011frafi Koordinat Programlama (Astronomik)<\/td>\n<td class=\"xl65\" style=\"width: 48pt;\" width=\"64\">\u2714<\/td>\n<td class=\"xl65\" style=\"width: 48pt;\" width=\"64\">\u2714<\/td>\n<td class=\"xl65\" style=\"width: 48pt;\" width=\"64\">\u2714<\/td>\n<td class=\"xl65\" style=\"width: 48pt;\" width=\"64\">\u2714<\/td>\n<td class=\"xl65\" style=\"width: 48pt;\" width=\"64\">\u2714<\/td>\n<td class=\"xl65\" style=\"width: 48pt;\" width=\"64\">\u2714<\/td>\n<\/tr>\n<tr style=\"height: 30.0pt;\">\n<td class=\"xl66\" style=\"height: 30.0pt; width: 48pt;\" width=\"64\" height=\"40\">Program Say\u0131s\u0131<\/td>\n<td class=\"xl65\" style=\"width: 48pt;\" width=\"64\">15<\/td>\n<td class=\"xl65\" style=\"width: 48pt;\" width=\"64\">15<\/td>\n<td class=\"xl65\" style=\"width: 48pt;\" width=\"64\">32<\/td>\n<td class=\"xl65\" style=\"width: 48pt;\" width=\"64\">32<\/td>\n<td class=\"xl65\" style=\"width: 48pt;\" width=\"64\">32<\/td>\n<td class=\"xl65\" style=\"width: 48pt;\" width=\"64\">32<\/td>\n<\/tr>\n<tr style=\"height: 45.0pt;\">\n<td class=\"xl66\" style=\"height: 45.0pt; width: 48pt;\" width=\"64\" height=\"60\">1 R\u00f6le \u00c7\u0131k\u0131\u015f\u0131 (16A)<\/td>\n<td class=\"xl65\" style=\"width: 48pt;\" width=\"64\">\u274c<\/td>\n<td class=\"xl65\" style=\"width: 48pt;\" width=\"64\">\u2714<\/td>\n<td class=\"xl65\" style=\"width: 48pt;\" width=\"64\">\u274c<\/td>\n<td class=\"xl65\" style=\"width: 48pt;\" width=\"64\">\u274c<\/td>\n<td class=\"xl65\" style=\"width: 48pt;\" width=\"64\">\u274c<\/td>\n<td class=\"xl65\" style=\"width: 48pt;\" width=\"64\">\u2714<\/td>\n<\/tr>\n<tr style=\"height: 45.0pt;\">\n<td class=\"xl66\" style=\"height: 45.0pt; width: 48pt;\" width=\"64\" height=\"60\">2 R\u00f6le \u00c7\u0131k\u0131\u015f\u0131 (16A)<\/td>\n<td class=\"xl65\" style=\"width: 48pt;\" width=\"64\">\u2714<\/td>\n<td class=\"xl65\" style=\"width: 48pt;\" width=\"64\">\u274c<\/td>\n<td class=\"xl65\" style=\"width: 48pt;\" width=\"64\">\u2714<\/td>\n<td class=\"xl65\" style=\"width: 48pt;\" width=\"64\">\u2714<\/td>\n<td class=\"xl65\" style=\"width: 48pt;\" width=\"64\">\u2714<\/td>\n<td class=\"xl65\" style=\"width: 48pt;\" width=\"64\">\u274c<\/td>\n<\/tr>\n<tr style=\"height: 75.0pt;\">\n<td class=\"xl66\" style=\"height: 75.0pt; width: 48pt;\" width=\"64\" height=\"100\">Ek Rezerv (S\u00fcper Kapasite ile)<\/td>\n<td class=\"xl65\" style=\"width: 48pt;\" width=\"64\">\u2714<\/td>\n<td class=\"xl65\" style=\"width: 48pt;\" width=\"64\">\u2714<\/td>\n<td class=\"xl65\" style=\"width: 48pt;\" width=\"64\">\u2714<\/td>\n<td class=\"xl65\" style=\"width: 48pt;\" width=\"64\">\u2714<\/td>\n<td class=\"xl65\" style=\"width: 48pt;\" width=\"64\">\u274c<\/td>\n<td class=\"xl65\" style=\"width: 48pt;\" width=\"64\">\u274c<\/td>\n<\/tr>\n<tr style=\"height: 30.0pt;\">\n<td class=\"xl66\" style=\"height: 30pt; width: 48pt; text-align: center;\" width=\"64\" height=\"40\">Adet \/ Koli<\/td>\n<td class=\"xl65\" style=\"width: 48pt; text-align: center;\" width=\"64\">16<\/td>\n<td class=\"xl65\" style=\"width: 48pt; text-align: center;\" width=\"64\">16<\/td>\n<td class=\"xl65\" style=\"width: 48pt; text-align: center;\" width=\"64\">16<\/td>\n<td class=\"xl65\" style=\"width: 48pt; text-align: center;\" width=\"64\">16<\/td>\n<td class=\"xl65\" style=\"width: 48pt; text-align: center;\" width=\"64\">16<\/td>\n<td class=\"xl65\" style=\"width: 48pt; text-align: center;\" width=\"64\">16<\/td>\n<\/tr>\n<\/tbody>\n<\/table>\n<\/div>\n<\/div>\n","protected":false},"excerpt":{"rendered":"<p>\u00dcr\u00fcn Kodu DTR-10 DTR-10t DTR-20 DTR-25 DTR-20S DTR-20TS De\u011fi\u015ftirilebilir Pil \u2714 \u2714 \u274c \u274c \u2714 \u2714 Data Aktar\u0131m\u0131 \u274c \u274c PROG \u274c RS-485 RS-485 24 Saat Zaman Ayar\u0131 \u2714 \u2714 \u2714 \u2714 \u2714 \u2714 Co\u011frafi Koordinat Programlama (Astronomik) \u2714 \u2714 \u2714 \u2714 \u2714 \u2714 Program Say\u0131s\u0131 15 15 32 32 32 32 1 R\u00f6le \u00c7\u0131k\u0131\u015f\u0131 [&hellip;]<\/p>\n","protected":false},"featured_media":4396,"comment_status":"open","ping_status":"closed","template":"","meta":{"site-sidebar-layout":"default","site-content-layout":"","ast-site-content-layout":"default","site-content-style":"default","site-sidebar-style":"default","ast-global-header-display":"","ast-banner-title-visibility":"","ast-main-header-display":"","ast-hfb-above-header-display":"","ast-hfb-below-header-display":"","ast-hfb-mobile-header-display":"","site-post-title":"","ast-breadcrumbs-content":"","ast-featured-img":"","footer-sml-layout":"","theme-transparent-header-meta":"default","adv-header-id-meta":"","stick-header-meta":"","header-above-stick-meta":"","header-main-stick-meta":"","header-below-stick-meta":"","astra-migrate-meta-layouts":"set","ast-page-background-enabled":"default","ast-page-background-meta":{"desktop":{"background-color":"","background-image":"","background-repeat":"repeat","background-position":"center center","background-size":"auto","background-attachment":"scroll","background-type":"","background-media":"","overlay-type":"","overlay-color":"","overlay-gradient":""},"tablet":{"background-color":"","background-image":"","background-repeat":"repeat","background-position":"center center","background-size":"auto","background-attachment":"scroll","background-type":"","background-media":"","overlay-type":"","overlay-color":"","overlay-gradient":""},"mobile":{"background-color":"","background-image":"","background-repeat":"repeat","background-position":"center center","background-size":"auto","background-attachment":"scroll","background-type":"","background-media":"","overlay-type":"","overlay-color":"","overlay-gradient":""}},"ast-content-background-meta":{"desktop":{"background-color":"var(--ast-global-color-5)","background-image":"","background-repeat":"repeat","background-position":"center center","background-size":"auto","background-attachment":"scroll","background-type":"","background-media":"","overlay-type":"","overlay-color":"","overlay-gradient":""},"tablet":{"background-color":"var(--ast-global-color-5)","background-image":"","background-repeat":"repeat","background-position":"center center","background-size":"auto","background-attachment":"scroll","background-type":"","background-media":"","overlay-type":"","overlay-color":"","overlay-gradient":""},"mobile":{"background-color":"var(--ast-global-color-5)","background-image":"","background-repeat":"repeat","background-position":"center center","background-size":"auto","background-attachment":"scroll","background-type":"","background-media":"","overlay-type":"","overlay-color":"","overlay-gradient":""}}},"product_cat":[21,160,159],"product_tag":[],"class_list":{"0":"post-4393","1":"product","2":"type-product","3":"status-publish","4":"has-post-thumbnail","6":"product_cat-genel","7":"product_cat-entes","8":"product_cat-role","9":"desktop-align-center","10":"tablet-align-center","11":"mobile-align-center","13":"first","14":"instock","15":"shipping-taxable","16":"product-type-simple"},"_links":{"self":[{"href":"http:\/\/cdksavunma.com\/store\/index.php\/wp-json\/wp\/v2\/product\/4393","targetHints":{"allow":["GET"]}}],"collection":[{"href":"http:\/\/cdksavunma.com\/store\/index.php\/wp-json\/wp\/v2\/product"}],"about":[{"href":"http:\/\/cdksavunma.com\/store\/index.php\/wp-json\/wp\/v2\/types\/product"}],"replies":[{"embeddable":true,"href":"http:\/\/cdksavunma.com\/store\/index.php\/wp-json\/wp\/v2\/comments?post=4393"}],"wp:featuredmedia":[{"embeddable":true,"href":"http:\/\/cdksavunma.com\/store\/index.php\/wp-json\/wp\/v2\/media\/4396"}],"wp:attachment":[{"href":"http:\/\/cdksavunma.com\/store\/index.php\/wp-json\/wp\/v2\/media?parent=4393"}],"wp:term":[{"taxonomy":"product_cat","embeddable":true,"href":"http:\/\/cdksavunma.com\/store\/index.php\/wp-json\/wp\/v2\/product_cat?post=4393"},{"taxonomy":"product_tag","embeddable":true,"href":"http:\/\/cdksavunma.com\/store\/index.php\/wp-json\/wp\/v2\/product_tag?post=4393"}],"curies":[{"name":"wp","href":"https:\/\/api.w.org\/{rel}","templated":true}]}}